{"id":6912,"date":"2025-03-12T15:56:06","date_gmt":"2025-03-12T15:56:06","guid":{"rendered":"https:\/\/youlynq.me\/?page_id=6912"},"modified":"2025-09-16T18:56:35","modified_gmt":"2025-09-16T18:56:35","slug":"crm","status":"publish","type":"page","link":"https:\/\/youlynq.me\/nl\/kennisbank\/crm\/","title":{"rendered":"CRM"},"content":{"rendered":"\n<div style=\"height:42px\" aria-hidden=\"true\" class=\"wp-block-spacer\"><\/div>\n\n\n\n<p><strong><a href=\"https:\/\/youlynq.me\/nl\/category\/crm\/\" data-type=\"link\" data-id=\"https:\/\/youlynq.me\/nl\/knowledge-base\/crm\/wat-is-crm\/\">Wat is CRM?<\/a><\/strong><\/p>\n\n\n\n<p>CRM is meer dan een systeem: het is een manier van werken waarbij de klant \u00e9cht centraal staat. Je beheert relaties, bewaakt opvolging en bouwt aan vertrouwen allemaal vanuit \u00e9\u00e9n overzichtelijk platform.<br>Nieuw met CRM? <a href=\"https:\/\/youlynq.me\/nl\/category\/crm\/\" data-type=\"link\" data-id=\"https:\/\/youlynq.me\/nl\/knowledge-base\/crm\/wat-is-crm\/\">Lees het hier.<\/a><\/p>\n\n\n\n<div style=\"height:42px\" aria-hidden=\"true\" class=\"wp-block-spacer\"><\/div>\n\n\n\n<p><a href=\"https:\/\/youlynq.me\/nl\/category\/crm\/\" data-type=\"link\" data-id=\"https:\/\/youlynq.me\/nl\/knowledge-base\/crm\/crm-systeem-moeilijk\/\"><strong>Is het gebruik van een CRM-systeem moeilijk om te leren?<\/strong><\/a><\/p>\n\n\n\n<p>Een goed CRM-systeem is intu\u00eftief. Met een korte uitleg en wat oefenen kun je er snel mee aan de slag. Het doel: minder administratie, meer overzicht.<br>Twijfel je of het gebruiksvriendelijk is? <a href=\"https:\/\/youlynq.me\/nl\/category\/crm\/\" data-type=\"link\" data-id=\"https:\/\/youlynq.me\/nl\/knowledge-base\/crm\/crm-systeem-moeilijk\/\">Ontdek het hier.<\/a><\/p>\n\n\n\n<div style=\"height:42px\" aria-hidden=\"true\" class=\"wp-block-spacer\"><\/div>\n\n\n\n<p><strong><a href=\"https:\/\/youlynq.me\/nl\/category\/crm\/\" data-type=\"link\" data-id=\"https:\/\/youlynq.me\/nl\/knowledge-base\/crm\/gebruik-crm-systeem-goed-voor-toekomst\/\">Is het gebruik van een CRM-systeem goed voor de toekomst?<\/a><\/strong><\/p>\n\n\n\n<p>In een wereld waarin data steeds belangrijker wordt, biedt CRM structuur, inzicht en schaalbaarheid. Het helpt je mee te groeien zonder dat je de controle verliest.<br>Benieuwd hoe CRM toekomstbestendig is? <a href=\"https:\/\/youlynq.me\/nl\/category\/crm\/\" data-type=\"link\" data-id=\"https:\/\/youlynq.me\/nl\/knowledge-base\/crm\/gebruik-crm-systeem-goed-voor-toekomst\/\">Lees het hier.<\/a><\/p>\n\n\n\n<div style=\"height:42px\" aria-hidden=\"true\" class=\"wp-block-spacer\"><\/div>\n\n\n\n<p><strong><a href=\"https:\/\/youlynq.me\/nl\/category\/crm\/\" data-type=\"link\" data-id=\"https:\/\/youlynq.me\/nl\/knowledge-base\/crm\/is-gebruik-van-crm-systeem-nuttig\/\">Is het gebruik van een CRM-systeem nuttig?<\/a><\/strong><\/p>\n\n\n\n<p><\/p>\n\n\n\n<p>Absoluut. Van het bijhouden van contactmomenten tot het opvolgen van leads: een CRM maakt je werk overzichtelijker \u00e9n effici\u00ebnter.<br>Ontdekken hoe nuttig het echt is? <a href=\"https:\/\/youlynq.me\/nl\/category\/crm\/\" data-type=\"link\" data-id=\"https:\/\/youlynq.me\/nl\/knowledge-base\/crm\/is-gebruik-van-crm-systeem-nuttig\/\">Lees het hier.<\/a><\/p>\n\n\n\n<div style=\"height:42px\" aria-hidden=\"true\" class=\"wp-block-spacer\"><\/div>\n\n\n\n<p><strong><a href=\"https:\/\/youlynq.me\/nl\/category\/crm\/\" data-type=\"link\" data-id=\"https:\/\/youlynq.me\/nl\/knowledge-base\/crm\/wanneer-heb-ik-geen-crm-systeem-nodig\/\">Wanneer heb ik geen CRM-systeem nodig?<\/a><\/strong><\/p>\n\n\n\n<p>Werk je met een klein klantenbestand, korte trajecten en weinig herhaling? Dan kun je soms nog zonder. Maar zodra je groeit, wil je niet zonder structuur.<br>Twijfel je of het al nodig is? <a href=\"https:\/\/youlynq.me\/nl\/category\/crm\/\" data-type=\"link\" data-id=\"https:\/\/youlynq.me\/nl\/knowledge-base\/crm\/wanneer-heb-ik-geen-crm-systeem-nodig\/\">Ontdek het hier.<\/a><\/p>\n\n\n\n<div style=\"height:42px\" aria-hidden=\"true\" class=\"wp-block-spacer\"><\/div>\n\n\n\n<p><strong><a href=\"https:\/\/youlynq.me\/nl\/category\/crm\/\" data-type=\"link\" data-id=\"https:\/\/youlynq.me\/nl\/knowledge-base\/crm\/voordelen-gebruik-crm-systeem\/\">Wat zijn de voordelen van het gebruik van een CRM-systeem?<\/a><\/strong><\/p>\n\n\n\n<p>Je vergeet geen follow-up meer, ziet in \u00e9\u00e9n oogopslag wat de status van een klant is en werkt beter samen met collega\u2019s. CRM bespaart tijd \u00e9n fouten.<br>Meer voordelen ontdekken?<a href=\"https:\/\/youlynq.me\/nl\/category\/crm\/\" data-type=\"link\" data-id=\"https:\/\/youlynq.me\/nl\/knowledge-base\/crm\/voordelen-gebruik-crm-systeem\/\"> Lees het hier.<\/a><\/p>\n\n\n\n<div style=\"height:42px\" aria-hidden=\"true\" class=\"wp-block-spacer\"><\/div>\n\n\n\n<p><strong><a href=\"https:\/\/youlynq.me\/nl\/category\/crm\/\" data-type=\"link\" data-id=\"https:\/\/youlynq.me\/nl\/knowledge-base\/crm\/kan-een-crm-systeem-mijn-bedrijf-helpen\/\">Kan een CRM-systeem mijn bedrijf helpen?<\/a><\/strong><\/p>\n\n\n\n<p>Of je nu leads opvolgt of bestaande klanten tevreden houdt: een CRM-systeem ondersteunt je processen en maakt groei beheersbaar.<br>Zien wat het concreet voor jouw bedrijf kan doen? <a href=\"https:\/\/youlynq.me\/nl\/category\/crm\/\" data-type=\"link\" data-id=\"https:\/\/youlynq.me\/nl\/knowledge-base\/crm\/kan-een-crm-systeem-mijn-bedrijf-helpen\/\">Ontdek het hier.<\/a><\/p>\n\n\n\n<div style=\"height:42px\" aria-hidden=\"true\" class=\"wp-block-spacer\"><\/div>\n\n\n\n<p><strong><a href=\"https:\/\/youlynq.me\/nl\/category\/crm\/\" data-type=\"link\" data-id=\"https:\/\/youlynq.me\/nl\/knowledge-base\/crm\/hoe-zorgt-een-crm-systeem-voor-een-hogere-klanttevredenheid\/\">Hoe zorgt een CRM systeem voor een hogere klanttevredenheid?<\/a><\/strong><\/p>\n\n\n\n<p>Door klanten persoonlijk en op het juiste moment te benaderen, verhoog je de betrokkenheid. CRM helpt je om verwachtingen waar te maken en te overtreffen.<br>Weten hoe dat werkt in de praktijk?<a href=\"https:\/\/youlynq.me\/nl\/category\/crm-nl\/\"> Lees het hier.<\/a><\/p>\n\n\n\n<div style=\"height:42px\" aria-hidden=\"true\" class=\"wp-block-spacer\"><\/div>\n\n\n\n<p><strong><a href=\"https:\/\/youlynq.me\/nl\/category\/crm\/\" data-type=\"link\" data-id=\"https:\/\/youlynq.me\/nl\/knowledge-base\/crm\/crm-systemen-sales\/\">Hoe zorgen CRM-systemen ervoor dat de sales stijgen?<\/a><\/strong><\/p>\n\n\n\n<p>Met betere timing, minder gemiste kansen en een overzichtelijke funnel vergroot je je conversie. CRM maakt je verkoopproces slimmer.<br>Zien hoe sales en CRM samengaan? <a href=\"https:\/\/youlynq.me\/nl\/category\/crm\/\" data-type=\"link\" data-id=\"https:\/\/youlynq.me\/nl\/knowledge-base\/crm\/crm-systemen-sales\/\">Ontdek het hier.<\/a><\/p>\n\n\n\n<div style=\"height:42px\" aria-hidden=\"true\" class=\"wp-block-spacer\"><\/div>\n\n\n\n<p><strong><a href=\"https:\/\/youlynq.me\/nl\/category\/crm\/\" data-type=\"link\" data-id=\"https:\/\/youlynq.me\/nl\/knowledge-base\/crm\/waarom-heb-ik-crm-nodig\/\">Waarom heb ik CRM nodig?<\/a><\/strong><\/p>\n\n\n\n<p>Zonder CRM mis je kansen, werk je dubbel en heb je minder inzicht in je klanten. Een CRM-systeem geeft je grip en richting.<br>Klaar voor meer structuur en focus? <a href=\"https:\/\/youlynq.me\/nl\/category\/crm\/\" data-type=\"link\" data-id=\"https:\/\/youlynq.me\/nl\/knowledge-base\/crm\/waarom-heb-ik-crm-nodig\/\">Lees het hier.<\/a><\/p>\n\n\n\n<div style=\"height:42px\" aria-hidden=\"true\" class=\"wp-block-spacer\"><\/div>\n\n\n\n<p><strong><a href=\"https:\/\/youlynq.me\/nl\/category\/crm\/\" data-type=\"link\" data-id=\"https:\/\/youlynq.me\/nl\/knowledge-base\/crm\/waarom-is-crm-belangrijk-voor-jouw-bedrijf\/\">Waarom is CRM belangrijk (voor jouw bedrijf)?<\/a><\/strong><\/p>\n\n\n\n<p>Of je nu tien of duizend klanten hebt: CRM helpt je om relaties te onderhouden en processen op te schalen zonder chaos.<br>Meer over het belang voor jouw organisatie? <a href=\"https:\/\/youlynq.me\/nl\/category\/crm\/\" data-type=\"link\" data-id=\"https:\/\/youlynq.me\/nl\/knowledge-base\/crm\/waarom-is-crm-belangrijk-voor-jouw-bedrijf\/\">Ontdek het hier.<\/a><\/p>\n\n\n\n<div style=\"height:42px\" aria-hidden=\"true\" class=\"wp-block-spacer\"><\/div>\n\n\n\n<p><strong><a href=\"https:\/\/youlynq.me\/nl\/category\/crm\/\" data-type=\"link\" data-id=\"https:\/\/youlynq.me\/nl\/knowledge-base\/crm\/waarom-is-crm-belangrijk\/\">Waarom is CRM belangrijk?<\/a><\/strong><\/p>\n\n\n\n<p>Goede relaties zijn het fundament van ieder succesvol bedrijf. CRM helpt je om die relaties doelgericht en professioneel op te bouwen.<br>Willen weten waarom dat essentieel is?<a href=\"https:\/\/youlynq.me\/nl\/category\/crm\/\" data-type=\"link\" data-id=\"https:\/\/youlynq.me\/nl\/knowledge-base\/crm\/waarom-is-crm-belangrijk\/\"> Lees het hier.<\/a><\/p>\n\n\n\n<div style=\"height:42px\" aria-hidden=\"true\" class=\"wp-block-spacer\"><\/div>\n\n\n\n<p><strong><a href=\"https:\/\/youlynq.me\/nl\/category\/crm\/\" data-type=\"link\" data-id=\"https:\/\/youlynq.me\/nl\/knowledge-base\/crm\/wat-zijn-de-7-cs-van-crm\/\">Wat zijn de 7 C\u2019s van CRM?<\/a><\/strong><\/p>\n\n\n\n<p>Van Customer tot Communication en Consistency: de 7 C\u2019s vormen de kern van een succesvolle CRM-aanpak. Ze zorgen voor structuur, relevantie en vertrouwen.<br>Nieuwsgierig naar alle C\u2019s? <a href=\"https:\/\/youlynq.me\/nl\/category\/crm\/\" data-type=\"link\" data-id=\"https:\/\/youlynq.me\/nl\/knowledge-base\/crm\/wat-zijn-de-7-cs-van-crm\/\">Ontdek ze hier.<\/a><\/p>\n\n\n\n<div style=\"height:42px\" aria-hidden=\"true\" class=\"wp-block-spacer\"><\/div>\n\n\n\n<p><strong><a href=\"https:\/\/youlynq.me\/nl\/category\/crm\/\" data-type=\"link\" data-id=\"https:\/\/youlynq.me\/nl\/knowledge-base\/crm\/wat-kan-een-crm-systeem-doen\/\">Wat kan een CRM-systeem voor je doen?<\/a><\/strong><\/p>\n\n\n\n<p>Meer dan je denkt: leads beheren, klantdata centraliseren, e-mails automatiseren, rapportages maken en teamwerk verbeteren.<br>Ontdekken wat een CRM allemaal mogelijk maakt? <a href=\"https:\/\/youlynq.me\/nl\/category\/crm\/\" data-type=\"link\" data-id=\"https:\/\/youlynq.me\/nl\/knowledge-base\/crm\/wat-kan-een-crm-systeem-doen\/\">Lees het hier.<\/a><\/p>\n\n\n\n<div style=\"height:42px\" aria-hidden=\"true\" class=\"wp-block-spacer\"><\/div>\n\n\n\n<p><strong><a href=\"https:\/\/youlynq.me\/nl\/category\/crm\/\" data-type=\"link\" data-id=\"https:\/\/youlynq.me\/nl\/knowledge-base\/crm\/voor-welke-bedrijven-crm-systeem-geschikt\/\">Voor welke bedrijven is een CRM-systeem geschikt?<\/a><\/strong><\/p>\n\n\n\n<p>Van zzp\u2019ers tot groeibedrijven: CRM past zich aan jouw proces aan. Hoe complexer je klanttraject, hoe meer je eraan hebt.<br>Zien of het bij jouw organisatie past? <a href=\"https:\/\/youlynq.me\/nl\/category\/crm\/\" data-type=\"link\" data-id=\"https:\/\/youlynq.me\/nl\/knowledge-base\/crm\/voor-welke-bedrijven-crm-systeem-geschikt\/\">Ontdek het hier.<\/a><\/p>\n\n\n\n<div style=\"height:42px\" aria-hidden=\"true\" class=\"wp-block-spacer\"><\/div>\n\n\n\n<p><strong><a href=\"https:\/\/youlynq.me\/nl\/category\/crm\/\" data-type=\"link\" data-id=\"https:\/\/youlynq.me\/nl\/knowledge-base\/crm\/3-basisfuncties-crm-systeem\/\">Wat zijn de 3 basisfuncties van een CRM-systeem?<\/a><\/strong><\/p>\n\n\n\n<p>Klantdata opslaan, interacties bijhouden en processen optimaliseren. Dat zijn de drie pijlers waarop elk CRM is gebouwd.<br>Meer weten over de basis? <a href=\"https:\/\/youlynq.me\/nl\/category\/crm\/\" data-type=\"link\" data-id=\"https:\/\/youlynq.me\/nl\/knowledge-base\/crm\/3-basisfuncties-crm-systeem\/\">Lees het hier.<\/a><\/p>\n\n\n\n<div style=\"height:42px\" aria-hidden=\"true\" class=\"wp-block-spacer\"><\/div>\n\n\n\n<p><strong><a href=\"https:\/\/youlynq.me\/nl\/category\/crm\/\" data-type=\"link\" data-id=\"https:\/\/youlynq.me\/nl\/knowledge-base\/crm\/3-basisfuncties-crm-systeem\/\">Waarvoor wordt een CRM-systeem gebruikt?<\/a><\/strong><\/p>\n\n\n\n<p>Voor verkoop, marketing, service \u00e9n klantbeheer. Het zorgt ervoor dat je relaties centraal beheert en niets over het hoofd ziet.<br>Een duidelijk overzicht van toepassingen? <a href=\"https:\/\/youlynq.me\/nl\/category\/crm\/\" data-type=\"link\" data-id=\"https:\/\/youlynq.me\/nl\/knowledge-base\/crm\/3-basisfuncties-crm-systeem\/\">Ontdek het hier.<\/a><\/p>\n\n\n\n<div style=\"height:42px\" aria-hidden=\"true\" class=\"wp-block-spacer\"><\/div>\n\n\n\n<p><strong><a href=\"https:\/\/youlynq.me\/nl\/category\/crm\/\" data-type=\"link\" data-id=\"https:\/\/youlynq.me\/nl\/knowledge-base\/crm\/wat-is-de-nut-van-een-crm-systeem\/\">Wat is de nut van een CRM-systeem?<\/a><\/strong><\/p>\n\n\n\n<p>Het nut? Meer overzicht, snellere opvolging, hogere klanttevredenheid en betere samenwerking. Kortom: slimmer werken met meer impact.<br>Benieuwd wat het jou oplevert?<a href=\"https:\/\/youlynq.me\/nl\/category\/crm\/\" data-type=\"link\" data-id=\"https:\/\/youlynq.me\/nl\/knowledge-base\/crm\/wat-is-de-nut-van-een-crm-systeem\/\"> Lees het hier.<\/a><\/p>\n\n\n\n<p><\/p>\n","protected":false},"excerpt":{"rendered":"<p>Wat is CRM? CRM is meer dan een systeem: het is een manier van werken waarbij de klant \u00e9cht centraal staat. Je beheert relaties, bewaakt opvolging en bouwt aan vertrouwen allemaal vanuit \u00e9\u00e9n overzichtelijk platform.Nieuw met CRM? Lees het hier. Is het gebruik van een CRM-systeem moeilijk om te leren? Een goed CRM-systeem is intu\u00eftief. [&hellip;]<\/p>\n","protected":false},"author":1,"featured_media":0,"parent":2259,"menu_order":0,"comment_status":"closed","ping_status":"closed","template":"page-knowledge-category.php","meta":{"_acf_changed":false,"content-type":"","inline_featured_image":false,"_mbp_gutenberg_autopost":false,"footnotes":""},"class_list":["post-6912","page","type-page","status-publish","hentry"],"acf":[],"_links":{"self":[{"href":"https:\/\/youlynq.me\/nl\/wp-json\/wp\/v2\/pages\/6912","targetHints":{"allow":["GET"]}}],"collection":[{"href":"https:\/\/youlynq.me\/nl\/wp-json\/wp\/v2\/pages"}],"about":[{"href":"https:\/\/youlynq.me\/nl\/wp-json\/wp\/v2\/types\/page"}],"author":[{"embeddable":true,"href":"https:\/\/youlynq.me\/nl\/wp-json\/wp\/v2\/users\/1"}],"replies":[{"embeddable":true,"href":"https:\/\/youlynq.me\/nl\/wp-json\/wp\/v2\/comments?post=6912"}],"version-history":[{"count":13,"href":"https:\/\/youlynq.me\/nl\/wp-json\/wp\/v2\/pages\/6912\/revisions"}],"predecessor-version":[{"id":9213,"href":"https:\/\/youlynq.me\/nl\/wp-json\/wp\/v2\/pages\/6912\/revisions\/9213"}],"up":[{"embeddable":true,"href":"https:\/\/youlynq.me\/nl\/wp-json\/wp\/v2\/pages\/2259"}],"wp:attachment":[{"href":"https:\/\/youlynq.me\/nl\/wp-json\/wp\/v2\/media?parent=6912"}],"curies":[{"name":"wp","href":"https:\/\/api.w.org\/{rel}","templated":true}]}}